{"id":48086,"date":"2023-07-05T17:13:53","date_gmt":"2023-07-05T13:13:53","guid":{"rendered":"https:\/\/shopmart.ge\/?post_type=product&#038;p=48086"},"modified":"2025-05-11T16:55:47","modified_gmt":"2025-05-11T12:55:47","slug":"%e1%83%9b%e1%83%98%e1%83%99%e1%83%a0%e1%83%9d%e1%83%a4%e1%83%9d%e1%83%9c%e1%83%98-boya-by-wm3t2-u2-wireless-microphone-black","status":"publish","type":"product","link":"https:\/\/shopmart.ge\/en\/product\/%e1%83%9b%e1%83%98%e1%83%99%e1%83%a0%e1%83%9d%e1%83%a4%e1%83%9d%e1%83%9c%e1%83%98-boya-by-wm3t2-u2-wireless-microphone-black\/","title":{"rendered":"\u10db\u10d8\u10d9\u10e0\u10dd\u10e4\u10dd\u10dc\u10d8- BOYA BY-WM3T2-U2 Wireless Microphone Black"},"content":{"rendered":"<p>\u10d1\u10e0\u10d4\u10dc\u10d3\u10d8- BOYA<\/p>\n<p>\u10db\u10d8\u10d9\u10e0\u10dd\u10e4\u10dd\u10dc\u10d8-Omnidirectional<br \/>\n\u10e1\u10d8\u10ee\u10e8\u10d8\u10e0\u10d8\u10e1 \u10de\u10d0\u10e1\u10e3\u10ee\u10d8-20Hz \u2013 16KHz<\/p>\n<p>\u10e1\u10d8\u10d2\u10dc\u10d0\u10da\u10d8\/\u10ee\u10db\u10d0\u10e3\u10e0\u10d8-77 dB (SNR)<\/p>\n<p>\u10d4\u10da\u10d4\u10db\u10d4\u10dc\u10e2\u10d8\u10e1 \u10db\u10e3\u10e8\u10d0\u10dd\u10d1\u10d8\u10e1 \u10d3\u10e0\u10dd-10 Hours<\/p>\n<p>\u10e1\u10d0\u10dd\u10de\u10d4\u10e0\u10d0\u10ea\u10d8\u10dd \u10d3\u10d8\u10d0\u10de\u10d0\u10d6\u10dd\u10dc\u10d8- 50 m (without obstacle)<\/p>\n<p>\u10d3\u10d0\u10e1\u10d0\u10db\u10e3\u10ee\u10e2\u10d8 \u10d9\u10d0\u10d1\u10d4\u10da\u10d8\u10e1 \u10e2\u10d8\u10de\u10d8-USB Type-C<\/p>","protected":false},"excerpt":{"rendered":"<p>\u10d7\u10d0\u10d5\u10e1\u10d4\u10d1\u10d0\u10d3\u10d8\u10d0-Devices with USB-C ports<\/p>\n<p>\u10d3\u10d0\u10db\u10d0\u10e2\u10d4\u10d1\u10d8\u10d7\u10d8 \u10d8\u10dc\u10e4\u10dd\u10e0\u10db\u10d0\u10ea\u10d8\u10d0-Battery Capacity \u2013 95mAh<\/p>\n<p>\u10d6\u10dd\u10db\u10d4\u10d1\u10d8-52\u00d717.5\u00d715.6 mm (TX), 46\u00d726.2\u00d79 mm (RXU\/RXD)<\/p>\n<p>\u10ec\u10dd\u10dc\u10d0-8.5 g (TX), 5 g (RXU\/RXD<\/p>","protected":false},"featured_media":48087,"template":"","meta":[],"product_brand":[2751],"product_cat":[1196],"product_tag":[],"class_list":{"0":"post-48086","1":"product","2":"type-product","3":"status-publish","4":"has-post-thumbnail","6":"product_brand-boya-mic","7":"product_cat-microphones","9":"first","10":"instock","11":"taxable","12":"shipping-taxable","13":"purchasable","14":"product-type-simple"},"_links":{"self":[{"href":"https:\/\/shopmart.ge\/en\/wp-json\/wp\/v2\/product\/48086","targetHints":{"allow":["GET"]}}],"collection":[{"href":"https:\/\/shopmart.ge\/en\/wp-json\/wp\/v2\/product"}],"about":[{"href":"https:\/\/shopmart.ge\/en\/wp-json\/wp\/v2\/types\/product"}],"wp:featuredmedia":[{"embeddable":true,"href":"https:\/\/shopmart.ge\/en\/wp-json\/wp\/v2\/media\/48087"}],"wp:attachment":[{"href":"https:\/\/shopmart.ge\/en\/wp-json\/wp\/v2\/media?parent=48086"}],"wp:term":[{"taxonomy":"product_brand","embeddable":true,"href":"https:\/\/shopmart.ge\/en\/wp-json\/wp\/v2\/product_brand?post=48086"},{"taxonomy":"product_cat","embeddable":true,"href":"https:\/\/shopmart.ge\/en\/wp-json\/wp\/v2\/product_cat?post=48086"},{"taxonomy":"product_tag","embeddable":true,"href":"https:\/\/shopmart.ge\/en\/wp-json\/wp\/v2\/product_tag?post=48086"}],"curies":[{"name":"wp","href":"https:\/\/api.w.org\/{rel}","templated":true}]}}